{"id":571,"date":"2020-06-07T09:12:04","date_gmt":"2020-06-07T07:12:04","guid":{"rendered":"http:\/\/chez-denis.ch\/?page_id=571"},"modified":"2026-03-17T07:23:26","modified_gmt":"2026-03-17T05:23:26","slug":"mes-produits","status":"publish","type":"page","link":"https:\/\/chez-denis.ch\/index.php\/mes-produits\/","title":{"rendered":"Nos bocaux"},"content":{"rendered":"\n<figure class=\"wp-block-image size-full\"><img data-recalc-dims=\"1\" loading=\"lazy\" decoding=\"async\" width=\"700\" height=\"467\" data-attachment-id=\"956\" data-permalink=\"https:\/\/chez-denis.ch\/index.php\/mes-produits\/1_1t8a6687\/\" data-orig-file=\"https:\/\/i0.wp.com\/chez-denis.ch\/wp-content\/uploads\/2025\/06\/1_1T8A6687-scaled.jpg?fit=2560%2C1708&amp;ssl=1\" data-orig-size=\"2560,1708\" data-comments-opened=\"1\" data-image-meta=\"{&quot;aperture&quot;:&quot;7.1&quot;,&quot;credit&quot;:&quot;Frederic Grangier - parallele.ch&quot;,&quot;camera&quot;:&quot;Canon EOS R5&quot;,&quot;caption&quot;:&quot;&quot;,&quot;created_timestamp&quot;:&quot;1709726048&quot;,&quot;copyright&quot;:&quot;&quot;,&quot;focal_length&quot;:&quot;51&quot;,&quot;iso&quot;:&quot;100&quot;,&quot;shutter_speed&quot;:&quot;0.00625&quot;,&quot;title&quot;:&quot;&quot;,&quot;orientation&quot;:&quot;0&quot;}\" data-image-title=\"1_1T8A6687\" data-image-description=\"\" data-image-caption=\"\" data-medium-file=\"https:\/\/i0.wp.com\/chez-denis.ch\/wp-content\/uploads\/2025\/06\/1_1T8A6687-scaled.jpg?fit=300%2C200&amp;ssl=1\" data-large-file=\"https:\/\/i0.wp.com\/chez-denis.ch\/wp-content\/uploads\/2025\/06\/1_1T8A6687-scaled.jpg?fit=700%2C467&amp;ssl=1\" src=\"https:\/\/i0.wp.com\/chez-denis.ch\/wp-content\/uploads\/2025\/06\/1_1T8A6687-scaled.jpg?resize=700%2C467&#038;ssl=1\" alt=\"\" class=\"wp-image-956\" srcset=\"https:\/\/i0.wp.com\/chez-denis.ch\/wp-content\/uploads\/2025\/06\/1_1T8A6687-scaled.jpg?w=2560&amp;ssl=1 2560w, https:\/\/i0.wp.com\/chez-denis.ch\/wp-content\/uploads\/2025\/06\/1_1T8A6687-scaled.jpg?resize=300%2C200&amp;ssl=1 300w, https:\/\/i0.wp.com\/chez-denis.ch\/wp-content\/uploads\/2025\/06\/1_1T8A6687-scaled.jpg?resize=1024%2C683&amp;ssl=1 1024w, https:\/\/i0.wp.com\/chez-denis.ch\/wp-content\/uploads\/2025\/06\/1_1T8A6687-scaled.jpg?resize=768%2C512&amp;ssl=1 768w, https:\/\/i0.wp.com\/chez-denis.ch\/wp-content\/uploads\/2025\/06\/1_1T8A6687-scaled.jpg?resize=1536%2C1025&amp;ssl=1 1536w, https:\/\/i0.wp.com\/chez-denis.ch\/wp-content\/uploads\/2025\/06\/1_1T8A6687-scaled.jpg?resize=2048%2C1366&amp;ssl=1 2048w, https:\/\/i0.wp.com\/chez-denis.ch\/wp-content\/uploads\/2025\/06\/1_1T8A6687-scaled.jpg?resize=1320%2C880&amp;ssl=1 1320w, https:\/\/i0.wp.com\/chez-denis.ch\/wp-content\/uploads\/2025\/06\/1_1T8A6687-scaled.jpg?w=1400&amp;ssl=1 1400w, https:\/\/i0.wp.com\/chez-denis.ch\/wp-content\/uploads\/2025\/06\/1_1T8A6687-scaled.jpg?w=2100&amp;ssl=1 2100w\" sizes=\"auto, (max-width: 700px) 100vw, 700px\" \/><\/figure>\n\n\n\n<p>Actuellement je vous propose :<\/p>\n\n\n\n<p class=\"has-text-color has-link-color has-medium-font-size wp-elements-dbf539be9e4f0486f6a75874110c5969\" style=\"color:#8e5457\"><strong>Terrines &amp; Rillettes Permanentes<\/strong><\/p>\n\n\n\n<ul class=\"wp-block-list\">\n<li>Campagne Fribourgeoise<\/li>\n\n\n\n<li>Boeuf d&rsquo;H\u00e9rens \u00e0 l&rsquo;Abricotine AOP<\/li>\n\n\n\n<li>Plus-que-Parfait<\/li>\n\n\n\n<li>Rillettes de Poulet R\u00f4ti<\/li>\n\n\n\n<li>Truites de Gruy\u00e8re &amp; Truites Fum\u00e9es<\/li>\n\n\n\n<li>Tout Beau, Tout Boeuf! Pot-au-feu en bocal \u00e0 tartiner (Edition limit\u00e9e 2026)<\/li>\n<\/ul>\n\n\n\n<p class=\"has-text-color has-link-color has-medium-font-size wp-elements-f316420885a01ea2daf0f71139b31ea5\" style=\"color:#8e5457\"><strong>Terrines &amp; Rillettes de Saison<\/strong><\/p>\n\n\n\n<ul class=\"wp-block-list\">\n<li>V\u00e9gan &#8211; Asperges &amp; Morilles<\/li>\n\n\n\n<li>Truite de la Gruy\u00e8re aux Asperges Vertes<\/li>\n\n\n\n<li>Volaille Agrume &amp; Thym<\/li>\n\n\n\n<li>Agneau, Figues &amp; Raisins<\/li>\n\n\n\n<li>Lapin \u00e0 l&rsquo;Asp\u00e9rule<\/li>\n\n\n\n<li>Rillettes de Cochon au Poivre de Kampot AOP<\/li>\n<\/ul>\n\n\n\n<p class=\"has-text-color has-medium-font-size\" style=\"color:#8e5457\"><strong>Tartinades &amp; Houmous<\/strong><\/p>\n\n\n\n<ul class=\"wp-block-list\">\n<li>Tartinade Courge au Curry Rouge<\/li>\n\n\n\n<li>Tartinade Courgette, Citron &amp; F\u00e9ta AOP<\/li>\n\n\n\n<li>Tartinade Betterave, Coco &amp; Gingembre<\/li>\n\n\n\n<li>Tartinade Carottes, Orange &amp; Cumin<\/li>\n\n\n\n<li>Tartinade Topinambour, Artichaut &amp; Guanciale<\/li>\n\n\n\n<li>Tartinade Champignons &amp; Miso<\/li>\n\n\n\n<li>Tartinade Patate Douce, Bi\u00e8re &amp; Romarin<\/li>\n\n\n\n<li>Tartinade Asperges Vertes &amp; Noisettes Grill\u00e9es<\/li>\n\n\n\n<li>Tartinade Olives Violettes de Kalamata AOP<\/li>\n\n\n\n<li>Tartinade Baba Ganoush &#8211; Aubergine Grill\u00e9e<\/li>\n\n\n\n<li>Tartinade Poivron, Ma\u00efs &amp; Popcorn<\/li>\n\n\n\n<li>Guacamole de Petits Pois<\/li>\n\n\n\n<li>Houmous Nature<\/li>\n\n\n\n<li>Houmous Vacherin Fribourgeois AOP<\/li>\n<\/ul>\n\n\n\n<p><strong>Soupe, Sauces &amp; Divers<\/strong><\/p>\n\n\n\n<ul class=\"wp-block-list\">\n<li>Velout\u00e9 de Carottes, Lentilles Corail &amp; Epices 360g<\/li>\n\n\n\n<li>Soupe Miso aux L\u00e9gumes 360g<\/li>\n\n\n\n<li>Bolognaise de Lentilles 360g<\/li>\n\n\n\n<li>Bolognaise pur Boeuf 360g<\/li>\n\n\n\n<li>Pesto Tomates S\u00e9ch\u00e9es &amp; Orties<\/li>\n\n\n\n<li>Pesto Ail d&rsquo;Ours<\/li>\n\n\n\n<li>Pesto Basilic et Vieux Gruy\u00e8re<\/li>\n\n\n\n<li>Chutney de Figues &amp; Vieux Balsamique<\/li>\n\n\n\n<li>Confit d&rsquo;Oignons \u00e0 la Malvoisie<\/li>\n<\/ul>\n\n\n\n<p class=\"has-text-color\" style=\"color:#8e5457\"><strong>Foie Gras<\/strong><\/p>\n\n\n\n<ul class=\"wp-block-list\">\n<li>Foie Gras de Canard \u00e0 l&rsquo;Armagnac <\/li>\n<\/ul>\n\n\n\n<p class=\"has-text-color\" style=\"color:#8e5457\"><strong>Fribourgeoiseries<\/strong><\/p>\n\n\n\n<ul class=\"wp-block-list\">\n<li>Poires au sirop d&rsquo;\u00c9pices (r\u00e9alis\u00e9 avec des Poires \u00e0 Botzi AOP) <\/li>\n\n\n\n<li>Vin Cuit 100% Poires<\/li>\n\n\n\n<li>Moutarde de B\u00e9nichon <\/li>\n<\/ul>\n\n\n\n<hr class=\"wp-block-separator has-css-opacity\"\/>\n\n\n\n<p><\/p>\n","protected":false},"excerpt":{"rendered":"<p>Actuellement je vous propose : Terrines &amp; Rillettes Permanentes Terrines &amp; Rillettes de Saison Tartinades &amp; Houmous Soupe, Sauces &amp; Divers Foie Gras Fribourgeoiseries<\/p>\n","protected":false},"author":1,"featured_media":0,"parent":0,"menu_order":0,"comment_status":"closed","ping_status":"closed","template":"","meta":{"jetpack_post_was_ever_published":false,"footnotes":""},"class_list":["entry","page","publish","author-admin8600","post-571"],"jetpack_sharing_enabled":true,"jetpack_shortlink":"https:\/\/wp.me\/P7C0tk-9d","jetpack-related-posts":[],"_links":{"self":[{"href":"https:\/\/chez-denis.ch\/index.php\/wp-json\/wp\/v2\/pages\/571","targetHints":{"allow":["GET"]}}],"collection":[{"href":"https:\/\/chez-denis.ch\/index.php\/wp-json\/wp\/v2\/pages"}],"about":[{"href":"https:\/\/chez-denis.ch\/index.php\/wp-json\/wp\/v2\/types\/page"}],"author":[{"embeddable":true,"href":"https:\/\/chez-denis.ch\/index.php\/wp-json\/wp\/v2\/users\/1"}],"replies":[{"embeddable":true,"href":"https:\/\/chez-denis.ch\/index.php\/wp-json\/wp\/v2\/comments?post=571"}],"version-history":[{"count":40,"href":"https:\/\/chez-denis.ch\/index.php\/wp-json\/wp\/v2\/pages\/571\/revisions"}],"predecessor-version":[{"id":1051,"href":"https:\/\/chez-denis.ch\/index.php\/wp-json\/wp\/v2\/pages\/571\/revisions\/1051"}],"wp:attachment":[{"href":"https:\/\/chez-denis.ch\/index.php\/wp-json\/wp\/v2\/media?parent=571"}],"curies":[{"name":"wp","href":"https:\/\/api.w.org\/{rel}","templated":true}]}}