{"id":470,"date":"2020-06-21T12:52:00","date_gmt":"2020-06-21T10:52:00","guid":{"rendered":"http:\/\/chez-denis.ch\/?page_id=470"},"modified":"2025-06-12T16:28:39","modified_gmt":"2025-06-12T14:28:39","slug":"ou-retrouver-mes-produits","status":"publish","type":"page","link":"https:\/\/chez-denis.ch\/index.php\/ou-retrouver-mes-produits\/","title":{"rendered":"O\u00f9 trouver nos produits?"},"content":{"rendered":"\n<p>Depuis le d\u00e9but de nos bocaux, nous travaillons main dans la main avec des partenaires de confiance pour la distribution de nos produits.<\/p>\n\n\n\n<p>Vous pourrez retrouver nos bocaux dans une multitude de sortes de commerces, des bars, des \u00e9piceries, des ginguettes, des magasins de produits du terroir, des buvettes d&rsquo;alpage, &#8230; Tous ind\u00e9pendants comme nous.<\/p>\n\n\n\n<p>Nous sommes intimement que cette distribution en circuit court renforce le tissu \u00e9conomique local et les liens sociaux dans vos quartiers, villages, &#8230;<\/p>\n\n\n\n<p>Vous trouverez ci-dessous une carte indiquant tous nos points de vente (12.06.2025)<\/p>\n\n\n\n<p>Nous vous remercions de leur rendre visite afin de vous fournir en terrines, tartinades &amp; rillettes!<br><br>En cliquant sur les diff\u00e9rents points, vous pourrez acc\u00e9der \u00e0 leurs propres sites.<br><\/p>\n\n\n<style type=\"text\/css\" id=\"gmpMapStyles_1_4145\">\r\n\t#google_map_easy_1_4145 {\r\n        width: 100%;\r\n        height: 250px;\r\n\t\t\t\t\t\t    }\r\n\t#gmapControlsNum_1_4145 {\r\n\t\twidth:100%\t}\r\n\t.gmpMapDetailsContainer#gmpMapDetailsContainer_1_4145 {\r\n\t\theight:250px;\r\n\t}\r\n\t.gmp_MapPreview#google_map_easy_1_4145 {\r\n\t\t\/*position:absolute;*\/\r\n\t\twidth: 100%;\r\n\t}\r\n\t#mapConElem_1_4145{\r\n\t\twidth: 100%\t}\r\n    .gm-style .gm-style-iw-c{\r\n        padding: 12px!important;\r\n    }\r\n\t    <\/style>\r\n <div class=\"gmp_map_opts\" id=\"mapConElem_1_4145\" data-id=\"1\" data-view-id=\"1_4145\" > <div class=\"gmpMapDetailsContainer\" id=\"gmpMapDetailsContainer_1_4145\"> <i class=\"gmpKMLLayersPreloader fa fa-spinner fa-spin\" aria-hidden=\"true\" style=\"display: none;\"><\/i> <div class=\"gmp_MapPreview \" id=\"google_map_easy_1_4145\"><\/div> <\/div> <div class=\"gmpMapMarkerFilters\" id=\"gmpMapMarkerFilters_1_4145\"> <\/div> <div class=\"gmpMapProControlsCon\" id=\"gmpMapProControlsCon_1_4145\"> <a title=\"WordPress Google Maps Plugin\" style=\"display:none;\" href=\"https:\/\/supsystic.com\/plugins\/google-maps-plugin\/?utm_medium=love_link_hide\" target=\"_blank\">WordPress Google Maps Plugin<\/a><div style=\"clear: both;\"><\/div> <\/div> <div class=\"gmpMapProDirectionsCon\" id=\"gmpMapProDirectionsCon_1_4145\" > <\/div> <div class=\"gmpMapProKmlFilterCon\" id=\"gmpMapProKmlFilterCon_1_4145\" > <\/div> <div class=\"gmpSocialSharingShell gmpSocialSharingShell_1_4145\"> <\/div> <div style=\"clear: both;\"><\/div> <\/div> \n\n\n\n<p>Au fil des ann\u00e9es ce sont autant d&rsquo;amiti\u00e9s qui se sont cr\u00e9\u00e9es.<\/p>\n\n\n\n<p><\/p>\n","protected":false},"excerpt":{"rendered":"<p>Depuis le d\u00e9but de nos bocaux, nous travaillons main dans la main avec des partenaires de confiance pour la distribution de nos produits. Vous pourrez retrouver nos bocaux dans une multitude de sortes de commerces, des bars, des \u00e9piceries, des ginguettes, des magasins de produits du terroir, des buvettes d&rsquo;alpage, &#8230; Tous ind\u00e9pendants comme nous. &#8230; <span class=\"more\"><a class=\"more-link\" href=\"https:\/\/chez-denis.ch\/index.php\/ou-retrouver-mes-produits\/\">[Lire la suite&#8230;]<\/a><\/span><\/p>\n","protected":false},"author":1,"featured_media":0,"parent":0,"menu_order":0,"comment_status":"closed","ping_status":"closed","template":"","meta":{"jetpack_post_was_ever_published":false,"footnotes":""},"class_list":["entry","page","publish","author-admin8600","post-470"],"jetpack_sharing_enabled":true,"jetpack_shortlink":"https:\/\/wp.me\/P7C0tk-7A","jetpack-related-posts":[],"_links":{"self":[{"href":"https:\/\/chez-denis.ch\/index.php\/wp-json\/wp\/v2\/pages\/470","targetHints":{"allow":["GET"]}}],"collection":[{"href":"https:\/\/chez-denis.ch\/index.php\/wp-json\/wp\/v2\/pages"}],"about":[{"href":"https:\/\/chez-denis.ch\/index.php\/wp-json\/wp\/v2\/types\/page"}],"author":[{"embeddable":true,"href":"https:\/\/chez-denis.ch\/index.php\/wp-json\/wp\/v2\/users\/1"}],"replies":[{"embeddable":true,"href":"https:\/\/chez-denis.ch\/index.php\/wp-json\/wp\/v2\/comments?post=470"}],"version-history":[{"count":26,"href":"https:\/\/chez-denis.ch\/index.php\/wp-json\/wp\/v2\/pages\/470\/revisions"}],"predecessor-version":[{"id":975,"href":"https:\/\/chez-denis.ch\/index.php\/wp-json\/wp\/v2\/pages\/470\/revisions\/975"}],"wp:attachment":[{"href":"https:\/\/chez-denis.ch\/index.php\/wp-json\/wp\/v2\/media?parent=470"}],"curies":[{"name":"wp","href":"https:\/\/api.w.org\/{rel}","templated":true}]}}