{"id":438,"date":"2019-01-03T14:46:31","date_gmt":"2019-01-03T12:46:31","guid":{"rendered":"http:\/\/chez-denis.ch\/?page_id=438"},"modified":"2023-02-21T14:10:43","modified_gmt":"2023-02-21T12:10:43","slug":"philosophie","status":"publish","type":"page","link":"https:\/\/chez-denis.ch\/index.php\/philosophie\/","title":{"rendered":"Mati\u00e8res premi\u00e8res"},"content":{"rendered":"<p>Soucieux des ingr\u00e9dients que j&rsquo;utilise lors de la confection de mes produits, je s\u00e9lectionne rigoureusement les mara\u00eechers, \u00e9leveurs, poissonniers, \u00e9piciers, &#8230; avec lesquels je travaille. N&rsquo;ayant rien \u00e0 cacher voir plut\u00f4t tout \u00e0 mettre en avant, je vous pr\u00e9sente ici l&rsquo;origine de mes ingr\u00e9dients principaux!<\/p>\n<ul>\n<li><strong>Cochon<\/strong>\n<ul>\n<li>\u00c0 la base de nombreuses terrines, le porc est relativement facile \u00e0 trouver dans nos r\u00e9gions.\u00a0 La majorit\u00e9 de la viande de cochon que j&rsquo;utilise provient d&rsquo;\u00e9levages fribourgeois et bernois, ils sont \u00e9lev\u00e9s en plein air et sont abattus dans des abattoirs r\u00e9gionaux. Cela implique peu de transport et peu d&rsquo;attente qui sont tous deux source de stress pour les animaux. Une partie de plus en plus grande de mon cochon provient d&rsquo;\u00e9levage BIO (Le Sapalet \u00e0 Rougemont, La L\u00e9vanche \u00e0 Hauteville, La Tourbi\u00e8re \u00e0 Sommentier, &#8230;)<\/li>\n<li>Le jambon \u00e0 l&rsquo;os provient du Jambon d&rsquo;Or \u00e0 Prez-vers-Siviriez.<\/li>\n<\/ul>\n<\/li>\n<li><strong>Boeuf d&rsquo;H\u00e9rens<\/strong>\n<ul>\n<li>J&rsquo;ai le plaisir de travailler avec un jeune boucher &amp; \u00e9leveur du Val de Bagnes qui me fournit la viande de ses b\u00eates et de celle de ses voisins.<\/li>\n<\/ul>\n<\/li>\n<li><strong>Lapin<\/strong>\n<ul>\n<li>Mes lapins proviennent de diff\u00e9rents petits \u00e9levages de la r\u00e9gion et sont en partie BIO.<\/li>\n<\/ul>\n<\/li>\n<li><strong>Agneau<\/strong>\n<ul>\n<li>Ma viande d\u2019agneau provient de petits \u00e9levages BIO (Le Sapalet \u00e0 Rougemont, La L\u00e9vanche \u00e0 Hauteville, La Tourbi\u00e8re \u00e0 Sommentier)<\/li>\n<\/ul>\n<\/li>\n<\/ul>\n<p><img data-recalc-dims=\"1\" loading=\"lazy\" decoding=\"async\" data-attachment-id=\"445\" data-permalink=\"https:\/\/chez-denis.ch\/index.php\/philosophie\/la-tourbiere\/\" data-orig-file=\"https:\/\/i0.wp.com\/chez-denis.ch\/wp-content\/uploads\/2019\/01\/la-tourbi%C3%A8re-e1567606471962.jpg?fit=650%2C431&amp;ssl=1\" data-orig-size=\"650,431\" data-comments-opened=\"1\" data-image-meta=\"{&quot;aperture&quot;:&quot;0&quot;,&quot;credit&quot;:&quot;&quot;,&quot;camera&quot;:&quot;&quot;,&quot;caption&quot;:&quot;&quot;,&quot;created_timestamp&quot;:&quot;0&quot;,&quot;copyright&quot;:&quot;Guy Fragniere&quot;,&quot;focal_length&quot;:&quot;0&quot;,&quot;iso&quot;:&quot;0&quot;,&quot;shutter_speed&quot;:&quot;0&quot;,&quot;title&quot;:&quot;&quot;,&quot;orientation&quot;:&quot;0&quot;}\" data-image-title=\"la tourbi\u00e8re\" data-image-description=\"\" data-image-caption=\"\" data-medium-file=\"https:\/\/i0.wp.com\/chez-denis.ch\/wp-content\/uploads\/2019\/01\/la-tourbi%C3%A8re-e1567606471962.jpg?fit=300%2C199&amp;ssl=1\" data-large-file=\"https:\/\/i0.wp.com\/chez-denis.ch\/wp-content\/uploads\/2019\/01\/la-tourbi%C3%A8re-e1567606471962.jpg?fit=650%2C431&amp;ssl=1\" class=\"size-medium wp-image-445 aligncenter\" src=\"https:\/\/i0.wp.com\/chez-denis.ch\/wp-content\/uploads\/2019\/01\/la-tourbi%C3%A8re-300x199.jpg?resize=300%2C199\" alt=\"\" width=\"300\" height=\"199\" \/><\/p>\n<ul>\n<li><strong>Cerf \/ Chevreuil \/ Sanglier \/\u00a0 Chamois \/ Bouquetin<\/strong>\n<ul>\n<li>L&rsquo;automne venu, je travaille avec une multitude de chasseurs afin de me fournir en viande de gibier <strong>sauvage &amp; suisse<\/strong>!\u00a0<\/li>\n<\/ul>\n<\/li>\n<li><strong>Truites <\/strong>\n<ul>\n<li>Mes terrines de poisson ne sont compos\u00e9es de truites qui proviennent de la Pisciculture de Neirivue. L\u2019implantation de la pisciculture sur la rivi\u00e8re permet aux truites de vivre une eau relativement froide (5-9\u00b0C) et saine (eau de source). La truite grandit ainsi plus lentement et poss\u00e8de une chaire ferme et go\u00fbteuse.<\/li>\n<\/ul>\n<\/li>\n<\/ul>\n<p><img data-recalc-dims=\"1\" loading=\"lazy\" decoding=\"async\" data-attachment-id=\"440\" data-permalink=\"https:\/\/chez-denis.ch\/index.php\/philosophie\/pisciculture\/\" data-orig-file=\"https:\/\/i0.wp.com\/chez-denis.ch\/wp-content\/uploads\/2019\/01\/pisciculture.jpg?fit=1024%2C768&amp;ssl=1\" data-orig-size=\"1024,768\" data-comments-opened=\"1\" data-image-meta=\"{&quot;aperture&quot;:&quot;0&quot;,&quot;credit&quot;:&quot;&quot;,&quot;camera&quot;:&quot;&quot;,&quot;caption&quot;:&quot;&quot;,&quot;created_timestamp&quot;:&quot;0&quot;,&quot;copyright&quot;:&quot;&quot;,&quot;focal_length&quot;:&quot;0&quot;,&quot;iso&quot;:&quot;0&quot;,&quot;shutter_speed&quot;:&quot;0&quot;,&quot;title&quot;:&quot;&quot;,&quot;orientation&quot;:&quot;0&quot;}\" data-image-title=\"pisciculture\" data-image-description=\"\" data-image-caption=\"\" data-medium-file=\"https:\/\/i0.wp.com\/chez-denis.ch\/wp-content\/uploads\/2019\/01\/pisciculture.jpg?fit=300%2C225&amp;ssl=1\" data-large-file=\"https:\/\/i0.wp.com\/chez-denis.ch\/wp-content\/uploads\/2019\/01\/pisciculture.jpg?fit=700%2C525&amp;ssl=1\" class=\"size-medium wp-image-440 aligncenter\" src=\"https:\/\/i0.wp.com\/chez-denis.ch\/wp-content\/uploads\/2019\/01\/pisciculture-300x225.jpg?resize=300%2C225\" alt=\"\" width=\"300\" height=\"225\" srcset=\"https:\/\/i0.wp.com\/chez-denis.ch\/wp-content\/uploads\/2019\/01\/pisciculture.jpg?resize=300%2C225&amp;ssl=1 300w, https:\/\/i0.wp.com\/chez-denis.ch\/wp-content\/uploads\/2019\/01\/pisciculture.jpg?resize=768%2C576&amp;ssl=1 768w, https:\/\/i0.wp.com\/chez-denis.ch\/wp-content\/uploads\/2019\/01\/pisciculture.jpg?w=1024&amp;ssl=1 1024w\" sizes=\"auto, (max-width: 300px) 100vw, 300px\" \/><\/p>\n<ul>\n<li><strong>Dinde <\/strong>\n<ul>\n<li>La viande de dinde pour mes terrines de volaille provient d&rsquo;\u00e9levages d&rsquo;outre-sarine, ceux-ci r\u00e9pondant aux normes SRPA (libert\u00e9 toute la journ\u00e9e en prairies naturelles, nourriture naturelle exempte d\u2019OGM) ainsi qu\u2019aux normes PER qui imposent une gestion \u00e9cologique de l\u2019exploitation.<\/li>\n<\/ul>\n<\/li>\n<li><strong>Poulet<\/strong>\n<ul>\n<li>Les cuisses de poulet utilis\u00e9es pour la r\u00e9alisation de mes rillettes de poulet r\u00f4ti proviennent d&rsquo;\u00e9levage en plein air fribourgeois et des cantons alentours. Les \u00e9levages r\u00e9pondent aux normes SRPA (libert\u00e9 toute la journ\u00e9e en prairies naturelles, nourriture naturelle exempte d\u2019OGM)<\/li>\n<\/ul>\n<\/li>\n<li><strong>Cailles<\/strong>\n<ul>\n<li>Depuis 2018, Marc Plancherel, \u00e9leveur de cailles pondeuses (Caille du Japon) \u00e0 Mannens, m&rsquo;a contact\u00e9 d\u00e9sireux de valoriser les cailles arrivant en fin de vie. Comme elles sont plus petites que leurs cousines \u00e0 chair (Caille Jumbo) et que les travailler demande \u00e9norm\u00e9ment de temps, elles ne trouvaient effectivement pas preneurs aupr\u00e8s des restaurants &amp; bouchers.<\/li>\n<\/ul>\n<\/li>\n<li><strong>Poulet Cou Nu, Pattes Noires<\/strong>\n<ul>\n<li>Je travaille avec La Belle Luce \u00e0 \u00c9pagny pour faire des terrines avec ces volailles d&rsquo;exception. Il s&rsquo;agit d&rsquo;une race rustique qui n\u00e9cessite un \u00e9levage lent et en plein air! Leur chaire est ferme, ros\u00e9e et tr\u00e8s go\u00fbtue.<\/li>\n<\/ul>\n<\/li>\n<li><strong>Foie Gras<br \/><\/strong>\n<ul>\n<li>Le foie gras que j\u2019utilise provient exclusivement de petits \u00e9levages fermiers. Ce sont des canards fermiers, prot\u00e9g\u00e9s par l\u2019IGP \u2018\u2019Canard du Sud-Ouest\u2019\u2019 ainsi que le label rouge, cela garantit un \u00e9levage en plein air, une alimentation essentiellement faite d\u2019herbe et de ma\u00efs et une dur\u00e9e de vie 2 \u00e0 3 fois sup\u00e9rieure \u00e0 un \u00e9levage conventionnel.<\/li>\n<\/ul>\n<\/li>\n<li><strong>\u0152ufs <\/strong>\n<ul>\n<li>Les \u0153ufs qui donnent une bonne tenue \u00e0 mes terrines proviennent d&rsquo;un \u00e9levage BIO de la Gruy\u00e8re<\/li>\n<\/ul>\n<\/li>\n<li><strong style=\"color: initial;\">Pois Chiche<\/strong>\n<ul>\n<li>Afin de cr\u00e9er le \u00ab\u00a0corps\u00a0\u00bb de mes terrines v\u00e9gans, je travaille avec des pois chiches romands et si possible BIO.\u00a0<\/li>\n<\/ul>\n<\/li>\n<li><strong>Assaisonnements &amp; \u00c9picerie<\/strong>\n<ul>\n<li>Une bonne terrine sans une pointe d&rsquo;assaisonnement ne saurait exister! Pour mes \u00e9pices je travaille essentiellement avec des poivres &amp; m\u00e9langes de poivre soit BIO soit provenant d&rsquo;\u00e9piciers de confiance. Les herbes aromatiques s\u00e9ch\u00e9es proviennent en grande majorit\u00e9 du Valais et BIO. Il en va de m\u00eame pour tous les ingr\u00e9dients de mes terrines, des produits locaux et\/ou BIO!<\/li>\n<\/ul>\n<\/li>\n<\/ul>\n<p><img data-recalc-dims=\"1\" loading=\"lazy\" decoding=\"async\" data-attachment-id=\"545\" data-permalink=\"https:\/\/chez-denis.ch\/index.php\/philosophie\/epices\/\" data-orig-file=\"https:\/\/i0.wp.com\/chez-denis.ch\/wp-content\/uploads\/2019\/09\/e%CC%81pices.jpg?fit=637%2C464&amp;ssl=1\" data-orig-size=\"637,464\" data-comments-opened=\"1\" data-image-meta=\"{&quot;aperture&quot;:&quot;0&quot;,&quot;credit&quot;:&quot;&quot;,&quot;camera&quot;:&quot;&quot;,&quot;caption&quot;:&quot;&quot;,&quot;created_timestamp&quot;:&quot;1511787299&quot;,&quot;copyright&quot;:&quot;&quot;,&quot;focal_length&quot;:&quot;0&quot;,&quot;iso&quot;:&quot;0&quot;,&quot;shutter_speed&quot;:&quot;0&quot;,&quot;title&quot;:&quot;&quot;,&quot;orientation&quot;:&quot;1&quot;}\" data-image-title=\"e\u0301pices\" data-image-description=\"\" data-image-caption=\"\" data-medium-file=\"https:\/\/i0.wp.com\/chez-denis.ch\/wp-content\/uploads\/2019\/09\/e%CC%81pices.jpg?fit=300%2C219&amp;ssl=1\" data-large-file=\"https:\/\/i0.wp.com\/chez-denis.ch\/wp-content\/uploads\/2019\/09\/e%CC%81pices.jpg?fit=637%2C464&amp;ssl=1\" class=\"size-medium wp-image-545 aligncenter\" src=\"https:\/\/i0.wp.com\/chez-denis.ch\/wp-content\/uploads\/2019\/09\/e%CC%81pices-300x219.jpg?resize=300%2C219\" alt=\"\" width=\"300\" height=\"219\" srcset=\"https:\/\/i0.wp.com\/chez-denis.ch\/wp-content\/uploads\/2019\/09\/e%CC%81pices.jpg?resize=300%2C219&amp;ssl=1 300w, https:\/\/i0.wp.com\/chez-denis.ch\/wp-content\/uploads\/2019\/09\/e%CC%81pices.jpg?w=637&amp;ssl=1 637w\" sizes=\"auto, (max-width: 300px) 100vw, 300px\" \/><\/p>\n\n\n<p class=\"has-text-align-center\"><strong>Vous \u00eates agriculteur, producteur, \u00e9leveur, &#8230; et vous pensez que je devrais travailler vos produits? N&rsquo;h\u00e9sitez  pas \u00e0 me contacter! <\/strong><\/p>\n\n\n\n\n<div class=\"wpcf7 no-js\" id=\"wpcf7-f175-o1\" lang=\"fr-FR\" dir=\"ltr\" data-wpcf7-id=\"175\">\n<div class=\"screen-reader-response\"><p role=\"status\" aria-live=\"polite\" aria-atomic=\"true\"><\/p> <ul><\/ul><\/div>\n<form action=\"\/index.php\/wp-json\/wp\/v2\/pages\/438#wpcf7-f175-o1\" method=\"post\" class=\"wpcf7-form init\" aria-label=\"Formulaire de contact\" novalidate=\"novalidate\" data-status=\"init\">\n<fieldset class=\"hidden-fields-container\"><input type=\"hidden\" name=\"_wpcf7\" value=\"175\" \/><input type=\"hidden\" name=\"_wpcf7_version\" value=\"6.1.5\" \/><input type=\"hidden\" name=\"_wpcf7_locale\" value=\"fr_FR\" \/><input type=\"hidden\" name=\"_wpcf7_unit_tag\" value=\"wpcf7-f175-o1\" \/><input type=\"hidden\" name=\"_wpcf7_container_post\" value=\"0\" \/><input type=\"hidden\" name=\"_wpcf7_posted_data_hash\" value=\"\" \/>\n<\/fieldset>\n<p>Votre nom (obligatoire)\n<\/p>\n<p><span class=\"wpcf7-form-control-wrap\" data-name=\"your-name\"><input size=\"40\" maxlength=\"400\" class=\"wpcf7-form-control wpcf7-text wpcf7-validates-as-required\" aria-required=\"true\" aria-invalid=\"false\" value=\"\" type=\"text\" name=\"your-name\" \/><\/span>\n<\/p>\n<p>Votre email (obligatoire)\n<\/p>\n<p><span class=\"wpcf7-form-control-wrap\" data-name=\"your-email\"><input size=\"40\" maxlength=\"400\" class=\"wpcf7-form-control wpcf7-email wpcf7-validates-as-required wpcf7-text wpcf7-validates-as-email\" aria-required=\"true\" aria-invalid=\"false\" value=\"\" type=\"email\" name=\"your-email\" \/><\/span>\n<\/p>\n<p>Sujet\n<\/p>\n<p><span class=\"wpcf7-form-control-wrap\" data-name=\"your-subject\"><input size=\"40\" maxlength=\"400\" class=\"wpcf7-form-control wpcf7-text\" aria-invalid=\"false\" value=\"\" type=\"text\" name=\"your-subject\" \/><\/span>\n<\/p>\n<p>Votre message\n<\/p>\n<p><span class=\"wpcf7-form-control-wrap\" data-name=\"your-message\"><textarea cols=\"40\" rows=\"10\" maxlength=\"2000\" class=\"wpcf7-form-control wpcf7-textarea\" aria-invalid=\"false\" name=\"your-message\"><\/textarea><\/span>\n<\/p>\n<p><input class=\"wpcf7-form-control wpcf7-submit has-spinner\" type=\"submit\" value=\"Envoyer\" \/>\n<\/p><p style=\"display: none !important;\" class=\"akismet-fields-container\" data-prefix=\"_wpcf7_ak_\"><label>&#916;<textarea name=\"_wpcf7_ak_hp_textarea\" cols=\"45\" rows=\"8\" maxlength=\"100\"><\/textarea><\/label><input type=\"hidden\" id=\"ak_js_1\" name=\"_wpcf7_ak_js\" value=\"52\"\/><script>document.getElementById( \"ak_js_1\" ).setAttribute( \"value\", ( new Date() ).getTime() );<\/script><\/p><div class=\"wpcf7-response-output\" aria-hidden=\"true\"><\/div>\n<\/form>\n<\/div>\n\n","protected":false},"excerpt":{"rendered":"<p>Soucieux des ingr\u00e9dients que j&rsquo;utilise lors de la confection de mes produits, je s\u00e9lectionne rigoureusement les mara\u00eechers, \u00e9leveurs, poissonniers, \u00e9piciers, &#8230; avec lesquels je travaille. N&rsquo;ayant rien \u00e0 cacher voir plut\u00f4t tout \u00e0 mettre en avant, je vous pr\u00e9sente ici l&rsquo;origine de mes ingr\u00e9dients principaux!<\/p>\n","protected":false},"author":1,"featured_media":0,"parent":0,"menu_order":0,"comment_status":"closed","ping_status":"closed","template":"","meta":{"jetpack_post_was_ever_published":false,"footnotes":""},"class_list":["entry","page","publish","author-admin8600","has-excerpt","post-438"],"jetpack_sharing_enabled":true,"jetpack_shortlink":"https:\/\/wp.me\/P7C0tk-74","jetpack-related-posts":[],"_links":{"self":[{"href":"https:\/\/chez-denis.ch\/index.php\/wp-json\/wp\/v2\/pages\/438","targetHints":{"allow":["GET"]}}],"collection":[{"href":"https:\/\/chez-denis.ch\/index.php\/wp-json\/wp\/v2\/pages"}],"about":[{"href":"https:\/\/chez-denis.ch\/index.php\/wp-json\/wp\/v2\/types\/page"}],"author":[{"embeddable":true,"href":"https:\/\/chez-denis.ch\/index.php\/wp-json\/wp\/v2\/users\/1"}],"replies":[{"embeddable":true,"href":"https:\/\/chez-denis.ch\/index.php\/wp-json\/wp\/v2\/comments?post=438"}],"version-history":[{"count":15,"href":"https:\/\/chez-denis.ch\/index.php\/wp-json\/wp\/v2\/pages\/438\/revisions"}],"predecessor-version":[{"id":866,"href":"https:\/\/chez-denis.ch\/index.php\/wp-json\/wp\/v2\/pages\/438\/revisions\/866"}],"wp:attachment":[{"href":"https:\/\/chez-denis.ch\/index.php\/wp-json\/wp\/v2\/media?parent=438"}],"curies":[{"name":"wp","href":"https:\/\/api.w.org\/{rel}","templated":true}]}}